{"id":91,"date":"2021-07-14T14:03:40","date_gmt":"2021-07-14T17:03:40","guid":{"rendered":"https:\/\/slidesites.com.br\/?page_id=91"},"modified":"2021-09-07T19:06:07","modified_gmt":"2021-09-07T22:06:07","slug":"por-que-ter-um-site","status":"publish","type":"page","link":"https:\/\/slidesites.com.br\/index.php\/por-que-ter-um-site\/","title":{"rendered":"por que ter um site?"},"content":{"rendered":"\t\t<div data-elementor-type=\"wp-page\" data-elementor-id=\"91\" class=\"elementor elementor-91\">\n\t\t\t\t\t\t<section class=\"elementor-section elementor-top-section elementor-element elementor-element-924ba51 elementor-section-boxed elementor-section-height-default elementor-section-height-default\" data-id=\"924ba51\" data-element_type=\"section\" data-e-type=\"section\" data-settings=\"{&quot;background_background&quot;:&quot;classic&quot;}\">\n\t\t\t\t\t\t<div class=\"elementor-container elementor-column-gap-default\">\n\t\t\t\t\t<div class=\"elementor-column elementor-col-100 elementor-top-column elementor-element elementor-element-3e2af14\" data-id=\"3e2af14\" data-element_type=\"column\" data-e-type=\"column\">\n\t\t\t<div class=\"elementor-widget-wrap elementor-element-populated\">\n\t\t\t\t\t\t<div class=\"elementor-element elementor-element-8b20a84 elementor-widget elementor-widget-heading\" data-id=\"8b20a84\" data-element_type=\"widget\" data-e-type=\"widget\" data-widget_type=\"heading.default\">\n\t\t\t\t<div class=\"elementor-widget-container\">\n\t\t\t\t\t<h2 class=\"elementor-heading-title elementor-size-default\">POR QUE TER UM SITE<\/h2>\t\t\t\t<\/div>\n\t\t\t\t<\/div>\n\t\t\t\t\t<\/div>\n\t\t<\/div>\n\t\t\t\t\t<\/div>\n\t\t<\/section>\n\t\t\t\t<section class=\"elementor-section elementor-top-section elementor-element elementor-element-11ddf4bd elementor-section-boxed elementor-section-height-default elementor-section-height-default\" data-id=\"11ddf4bd\" data-element_type=\"section\" data-e-type=\"section\">\n\t\t\t\t\t\t<div class=\"elementor-container elementor-column-gap-default\">\n\t\t\t\t\t<div class=\"elementor-column elementor-col-100 elementor-top-column elementor-element elementor-element-28c2f289\" data-id=\"28c2f289\" data-element_type=\"column\" data-e-type=\"column\">\n\t\t\t<div class=\"elementor-widget-wrap elementor-element-populated\">\n\t\t\t\t\t\t<div class=\"elementor-element elementor-element-3c4f71ff elementor-widget elementor-widget-text-editor\" data-id=\"3c4f71ff\" data-element_type=\"widget\" data-e-type=\"widget\" data-widget_type=\"text-editor.default\">\n\t\t\t\t<div class=\"elementor-widget-container\">\n\t\t\t\t\t\t\t\t\t<p>Em tempos de redes sociais h\u00e1 quem questione a utilidade de um website, j\u00e1 que as pessoas gastam bastante tempo nas redes sociais.&nbsp;Desenvolvemos uma lista de pontos positivos que \u00e9 bacana de ser considerado:<\/p><p><br><\/p>\n<p><b>Fortalece a sua marca:<\/b><br>Quando voc\u00ea tem um site devidamente registrado, \u00e9 transmitida uma sensa\u00e7\u00e3o de solidez, seriedade e seguran\u00e7a, principalmente para quem presta servi\u00e7o como Profissionais Liberais, MEI\u2019s e Aut\u00f4nomos. Tamb\u00e9m mostra preocupa\u00e7\u00e3o e dedica\u00e7\u00e3o e isso tudo somado fortalece o profissionalismo na vis\u00e3o dos clientes, colaboradores e fornecedores.<\/p><p><br><\/p>\n<p><b>Aberto o tempo todo:<\/b><br>Obviamente a Internet n\u00e3o fecha as 18h, sua empresa ficar\u00e1 acess\u00edvel para leads e clientes o tempo todo, de dia e de noite. Feriados e finais de semana tamb\u00e9m. Se o site for institucional, as pessoas poder\u00e3o conhecer a empresa, avaliar as informa\u00e7\u00f5es e decidir em contatar a equipe e, com sucesso, comprar seus produtos ou servi\u00e7os.<\/p><p><br><\/p>\n<p><b>Aumenta o alcance:<\/b><br>A Internet n\u00e3o tem fronteiras f\u00edsicas. Atrav\u00e9s de um website sua marca pode atingir todo o planeta, literalmente. Uma pessoa de qualquer lugar pode acessar conhecer os produtos e servi\u00e7os, potencializando muito o alcance<\/p><p><br><\/p>\n<p><b>Confian\u00e7a e credibilidade:<\/b><br>\u00c9 muito f\u00e1cil perceber quando um site \u00e9 bem feito, notando o cuidado com as informa\u00e7\u00f5es oferecidas e com inten\u00e7\u00e3o verdadeira e transparente para que sua audi\u00eancia veja a consist\u00eancia da sua empresa e dos seus produtos que comercializa. Isso automaticamente eleva os n\u00edveis de confian\u00e7a, profissionalismo e credibilidade.<\/p><p><br><\/p>\n<p><b>Facilita o relacionamento:<\/b><br>Al\u00e9m de servir como um excelente canal de comunica\u00e7\u00e3o direto, as informa\u00e7\u00f5es dispon\u00edveis fornecem \u00e0s pessoas o que elas precisam saber sobre seus produtos e servi\u00e7os. E quando se estabelece uma comunica\u00e7\u00e3o com o p\u00fablico-alvo, fica muito mais f\u00e1cil de as intera\u00e7\u00f5es flu\u00edrem, al\u00e9m de manter o relacionamento com uma base de clientes e admiradores.<\/p>\n<p><br><\/p>\t\t\t\t\t\t\t\t<\/div>\n\t\t\t\t<\/div>\n\t\t\t\t\t<\/div>\n\t\t<\/div>\n\t\t\t\t\t<\/div>\n\t\t<\/section>\n\t\t\t\t<section class=\"elementor-section elementor-top-section elementor-element elementor-element-fcf0066 elementor-section-boxed elementor-section-height-default elementor-section-height-default\" data-id=\"fcf0066\" data-element_type=\"section\" data-e-type=\"section\">\n\t\t\t\t\t\t<div class=\"elementor-container elementor-column-gap-default\">\n\t\t\t\t\t<div class=\"elementor-column elementor-col-100 elementor-top-column elementor-element elementor-element-c4c8d8b\" data-id=\"c4c8d8b\" data-element_type=\"column\" data-e-type=\"column\">\n\t\t\t<div class=\"elementor-widget-wrap elementor-element-populated\">\n\t\t\t\t\t\t<div class=\"elementor-element elementor-element-796a548 elementor-widget elementor-widget-image\" data-id=\"796a548\" data-element_type=\"widget\" data-e-type=\"widget\" data-widget_type=\"image.default\">\n\t\t\t\t<div class=\"elementor-widget-container\">\n\t\t\t\t\t\t\t\t\t\t\t\t\t\t\t<img fetchpriority=\"high\" decoding=\"async\" width=\"750\" height=\"498\" src=\"https:\/\/slidesites.com.br\/wp-content\/uploads\/2021\/09\/pq_site-1024x680.jpg\" class=\"attachment-large size-large wp-image-1179\" alt=\"\" srcset=\"https:\/\/slidesites.com.br\/wp-content\/uploads\/2021\/09\/pq_site-1024x680.jpg 1024w, https:\/\/slidesites.com.br\/wp-content\/uploads\/2021\/09\/pq_site-300x199.jpg 300w, https:\/\/slidesites.com.br\/wp-content\/uploads\/2021\/09\/pq_site-768x510.jpg 768w, https:\/\/slidesites.com.br\/wp-content\/uploads\/2021\/09\/pq_site.jpg 1280w\" sizes=\"(max-width: 750px) 100vw, 750px\" style=\"width:100%;height:66.41%;max-width:1280px\" \/>\t\t\t\t\t\t\t\t\t\t\t\t\t\t\t<\/div>\n\t\t\t\t<\/div>\n\t\t\t\t\t<\/div>\n\t\t<\/div>\n\t\t\t\t\t<\/div>\n\t\t<\/section>\n\t\t\t\t<section class=\"elementor-section elementor-top-section elementor-element elementor-element-c0e0e66 elementor-section-boxed elementor-section-height-default elementor-section-height-default\" data-id=\"c0e0e66\" data-element_type=\"section\" data-e-type=\"section\">\n\t\t\t\t\t\t<div class=\"elementor-container elementor-column-gap-default\">\n\t\t\t\t\t<div class=\"elementor-column elementor-col-100 elementor-top-column elementor-element elementor-element-2c80008\" data-id=\"2c80008\" data-element_type=\"column\" data-e-type=\"column\">\n\t\t\t<div class=\"elementor-widget-wrap elementor-element-populated\">\n\t\t\t\t\t\t<div class=\"elementor-element elementor-element-95dbd0f elementor-widget-divider--view-line elementor-widget elementor-widget-divider\" data-id=\"95dbd0f\" data-element_type=\"widget\" data-e-type=\"widget\" data-widget_type=\"divider.default\">\n\t\t\t\t<div class=\"elementor-widget-container\">\n\t\t\t\t\t\t\t<div class=\"elementor-divider\">\n\t\t\t<span class=\"elementor-divider-separator\">\n\t\t\t\t\t\t<\/span>\n\t\t<\/div>\n\t\t\t\t\t\t<\/div>\n\t\t\t\t<\/div>\n\t\t\t\t\t<\/div>\n\t\t<\/div>\n\t\t\t\t\t<\/div>\n\t\t<\/section>\n\t\t\t\t<section class=\"elementor-section elementor-top-section elementor-element elementor-element-2c9bff2 elementor-section-boxed elementor-section-height-default elementor-section-height-default\" data-id=\"2c9bff2\" data-element_type=\"section\" data-e-type=\"section\">\n\t\t\t\t\t\t<div class=\"elementor-container elementor-column-gap-default\">\n\t\t\t\t\t<div class=\"elementor-column elementor-col-100 elementor-top-column elementor-element elementor-element-738a239\" data-id=\"738a239\" data-element_type=\"column\" data-e-type=\"column\">\n\t\t\t<div class=\"elementor-widget-wrap elementor-element-populated\">\n\t\t\t\t\t\t<div class=\"elementor-element elementor-element-693d063 elementor-widget elementor-widget-text-editor\" data-id=\"693d063\" data-element_type=\"widget\" data-e-type=\"widget\" data-widget_type=\"text-editor.default\">\n\t\t\t\t<div class=\"elementor-widget-container\">\n\t\t\t\t\t\t\t\t\t<p><\/p>\n<p>\u201cRede social \u00e9 terreno alugado. Site \u00e9 terreno pr\u00f3prio.\u201d&nbsp;<\/p><p><br><\/p>\n<p><\/p>\n<p>Escolha conscientemente onde vai construir seu patrim\u00f4nio.<\/p>\t\t\t\t\t\t\t\t<\/div>\n\t\t\t\t<\/div>\n\t\t\t\t\t<\/div>\n\t\t<\/div>\n\t\t\t\t\t<\/div>\n\t\t<\/section>\n\t\t\t\t<section class=\"elementor-section elementor-top-section elementor-element elementor-element-6caba06 elementor-section-boxed elementor-section-height-default elementor-section-height-default\" data-id=\"6caba06\" data-element_type=\"section\" data-e-type=\"section\">\n\t\t\t\t\t\t<div class=\"elementor-container elementor-column-gap-default\">\n\t\t\t\t\t<div class=\"elementor-column elementor-col-100 elementor-top-column elementor-element elementor-element-f2efb56\" data-id=\"f2efb56\" data-element_type=\"column\" data-e-type=\"column\">\n\t\t\t<div class=\"elementor-widget-wrap elementor-element-populated\">\n\t\t\t\t\t\t<div class=\"elementor-element elementor-element-f0f8b2d elementor-widget-divider--view-line elementor-widget elementor-widget-divider\" data-id=\"f0f8b2d\" data-element_type=\"widget\" data-e-type=\"widget\" data-widget_type=\"divider.default\">\n\t\t\t\t<div class=\"elementor-widget-container\">\n\t\t\t\t\t\t\t<div class=\"elementor-divider\">\n\t\t\t<span class=\"elementor-divider-separator\">\n\t\t\t\t\t\t<\/span>\n\t\t<\/div>\n\t\t\t\t\t\t<\/div>\n\t\t\t\t<\/div>\n\t\t\t\t\t<\/div>\n\t\t<\/div>\n\t\t\t\t\t<\/div>\n\t\t<\/section>\n\t\t\t\t<section class=\"elementor-section elementor-top-section elementor-element elementor-element-ff4b813 elementor-section-boxed elementor-section-height-default elementor-section-height-default\" data-id=\"ff4b813\" data-element_type=\"section\" data-e-type=\"section\">\n\t\t\t\t\t\t<div class=\"elementor-container elementor-column-gap-default\">\n\t\t\t\t\t<div class=\"elementor-column elementor-col-100 elementor-top-column elementor-element elementor-element-97d419b\" data-id=\"97d419b\" data-element_type=\"column\" data-e-type=\"column\">\n\t\t\t<div class=\"elementor-widget-wrap elementor-element-populated\">\n\t\t\t\t\t\t<div class=\"elementor-element elementor-element-4bd7559 elementor-widget elementor-widget-text-editor\" data-id=\"4bd7559\" data-element_type=\"widget\" data-e-type=\"widget\" data-widget_type=\"text-editor.default\">\n\t\t\t\t<div class=\"elementor-widget-container\">\n\t\t\t\t\t\t\t\t\t<p>&nbsp;Obviamente que as redes sociais hoje em dia s\u00e3o um excelente canal de comunica\u00e7\u00e3o com seus clientes e com o p\u00fablico em geral, levam a sua mensagem para quem voc\u00ea deseja a custo bastante razo\u00e1vel. Esses canais podem e devem ser utilizados!<\/p><p><br><\/p>\n<p><\/p>\n<p>Por\u00e9m, no terreno alugado, quem dita as regras \u00e9 o dono do terreno. E nos terrenos das redes sociais essas regras s\u00e3o alteradas sem aviso pr\u00e9vio e sem di\u00e1logo com quem est\u00e1 &#8220;alugando o terreno&#8221;. Os algoritmos s\u00e3o alterados, os valores aumentam e os resultados ficam cada vez mais dif\u00edceis de alcan\u00e7ar, al\u00e9m das plataformas das redes sociais definirem a apar\u00eancia das p\u00e1ginas e tamb\u00e9m o tipo de informa\u00e7\u00e3o que voc\u00ea pode ou n\u00e3o divulgar.<\/p><p><br><\/p>\n<p>Uma pr\u00e1tica relativamente comum \u00e9 as empresas terem um dom\u00ednio de site que redirecionam para uma rede social. Parece interessante num primeiro momento, mas note sensa\u00e7\u00e3o de pregui\u00e7a e de desleixo da parte da empresa, por n\u00e3o querer manter uma imagem profissional e focada na mensagem direta aos seus clientes.<\/p><p><br><\/p>\n<p><\/p>\n<p>Na rede social um concorrente mal intencionado pode fazer uma den\u00fancia falsa e os administradores da plataforma podem retirar sua p\u00e1gina do ar, apenas baseados na den\u00fancia. Isso \u00e9 mais frequente do que se imagina. Muitas outras coisas podem acontecer e atrapalhar sua iniciativa digital e trazer preju\u00edzos para o seu neg\u00f3cio.<\/p><p><br><\/p>\n<p>Com um site, todos esses percal\u00e7os podem ser evitados pois sua constru\u00e7\u00e3o est\u00e1 sendo feita em terreno pr\u00f3prio, e quem dita as regras ali \u00e9 apenas o propriet\u00e1rio.<\/p>\n<p>A maneira ideal \u00e9 utilizar as redes sociais para levar esse p\u00fablico para o seu site. Essas a\u00e7\u00f5es promovem uma boa dose de seguran\u00e7a para a sua empresa, al\u00e9m de ser um \u00f3timo term\u00f4metro de convers\u00e3o.<\/p><p><br><\/p>\n<p><\/p>\n<p>Inicie hoje mesmo sua constru\u00e7\u00e3o em terreno pr\u00f3prio com a gente!<\/p>\t\t\t\t\t\t\t\t<\/div>\n\t\t\t\t<\/div>\n\t\t\t\t\t<\/div>\n\t\t<\/div>\n\t\t\t\t\t<\/div>\n\t\t<\/section>\n\t\t\t\t<\/div>\n\t\t","protected":false},"excerpt":{"rendered":"<p>POR QUE TER UM SITE Em tempos de redes sociais h\u00e1 quem questione a utilidade de um website, j\u00e1 que as pessoas gastam bastante tempo nas redes sociais.&nbsp;Desenvolvemos uma lista de pontos positivos que \u00e9 bacana de ser considerado: Fortalece a sua marca:Quando voc\u00ea tem um site devidamente registrado, \u00e9 transmitida uma sensa\u00e7\u00e3o de solidez,&hellip; <a class=\"more-link\" href=\"https:\/\/slidesites.com.br\/index.php\/por-que-ter-um-site\/\">Continuar lendo <span class=\"screen-reader-text\">por que ter um site?<\/span><\/a><\/p>\n","protected":false},"author":1,"featured_media":0,"parent":0,"menu_order":0,"comment_status":"closed","ping_status":"closed","template":"","meta":{"footnotes":""},"class_list":["post-91","page","type-page","status-publish","hentry","entry"],"yoast_head":"<!-- This site is optimized with the Yoast SEO plugin v27.1.1 - https:\/\/yoast.com\/product\/yoast-seo-wordpress\/ -->\n<title>por que ter um site? - SlideSites<\/title>\n<meta name=\"robots\" content=\"index, follow, max-snippet:-1, max-image-preview:large, max-video-preview:-1\" \/>\n<link rel=\"canonical\" href=\"https:\/\/slidesites.com.br\/index.php\/por-que-ter-um-site\/\" \/>\n<meta property=\"og:locale\" content=\"pt_BR\" \/>\n<meta property=\"og:type\" content=\"article\" \/>\n<meta property=\"og:title\" content=\"por que ter um site? - SlideSites\" \/>\n<meta property=\"og:description\" content=\"POR QUE TER UM SITE Em tempos de redes sociais h\u00e1 quem questione a utilidade de um website, j\u00e1 que as pessoas gastam bastante tempo nas redes sociais.&nbsp;Desenvolvemos uma lista de pontos positivos que \u00e9 bacana de ser considerado: Fortalece a sua marca:Quando voc\u00ea tem um site devidamente registrado, \u00e9 transmitida uma sensa\u00e7\u00e3o de solidez,&hellip; Continuar lendo por que ter um site?\" \/>\n<meta property=\"og:url\" content=\"https:\/\/slidesites.com.br\/index.php\/por-que-ter-um-site\/\" \/>\n<meta property=\"og:site_name\" content=\"SlideSites\" \/>\n<meta property=\"article:modified_time\" content=\"2021-09-07T22:06:07+00:00\" \/>\n<meta property=\"og:image\" content=\"https:\/\/slidesites.com.br\/wp-content\/uploads\/2021\/09\/pq_site-1024x680.jpg\" \/>\n<meta name=\"twitter:card\" content=\"summary_large_image\" \/>\n<meta name=\"twitter:label1\" content=\"Est. tempo de leitura\" \/>\n\t<meta name=\"twitter:data1\" content=\"3 minutos\" \/>\n<script type=\"application\/ld+json\" class=\"yoast-schema-graph\">{\"@context\":\"https:\/\/schema.org\",\"@graph\":[{\"@type\":\"WebPage\",\"@id\":\"https:\/\/slidesites.com.br\/index.php\/por-que-ter-um-site\/\",\"url\":\"https:\/\/slidesites.com.br\/index.php\/por-que-ter-um-site\/\",\"name\":\"por que ter um site? - SlideSites\",\"isPartOf\":{\"@id\":\"https:\/\/slidesites.com.br\/#website\"},\"primaryImageOfPage\":{\"@id\":\"https:\/\/slidesites.com.br\/index.php\/por-que-ter-um-site\/#primaryimage\"},\"image\":{\"@id\":\"https:\/\/slidesites.com.br\/index.php\/por-que-ter-um-site\/#primaryimage\"},\"thumbnailUrl\":\"https:\/\/slidesites.com.br\/wp-content\/uploads\/2021\/09\/pq_site-1024x680.jpg\",\"datePublished\":\"2021-07-14T17:03:40+00:00\",\"dateModified\":\"2021-09-07T22:06:07+00:00\",\"breadcrumb\":{\"@id\":\"https:\/\/slidesites.com.br\/index.php\/por-que-ter-um-site\/#breadcrumb\"},\"inLanguage\":\"pt-BR\",\"potentialAction\":[{\"@type\":\"ReadAction\",\"target\":[\"https:\/\/slidesites.com.br\/index.php\/por-que-ter-um-site\/\"]}]},{\"@type\":\"ImageObject\",\"inLanguage\":\"pt-BR\",\"@id\":\"https:\/\/slidesites.com.br\/index.php\/por-que-ter-um-site\/#primaryimage\",\"url\":\"https:\/\/slidesites.com.br\/wp-content\/uploads\/2021\/09\/pq_site.jpg\",\"contentUrl\":\"https:\/\/slidesites.com.br\/wp-content\/uploads\/2021\/09\/pq_site.jpg\",\"width\":1280,\"height\":850},{\"@type\":\"BreadcrumbList\",\"@id\":\"https:\/\/slidesites.com.br\/index.php\/por-que-ter-um-site\/#breadcrumb\",\"itemListElement\":[{\"@type\":\"ListItem\",\"position\":1,\"name\":\"In\u00edcio\",\"item\":\"https:\/\/slidesites.com.br\/\"},{\"@type\":\"ListItem\",\"position\":2,\"name\":\"por que ter um site?\"}]},{\"@type\":\"WebSite\",\"@id\":\"https:\/\/slidesites.com.br\/#website\",\"url\":\"https:\/\/slidesites.com.br\/\",\"name\":\"SlideSites\",\"description\":\"\",\"potentialAction\":[{\"@type\":\"SearchAction\",\"target\":{\"@type\":\"EntryPoint\",\"urlTemplate\":\"https:\/\/slidesites.com.br\/?s={search_term_string}\"},\"query-input\":{\"@type\":\"PropertyValueSpecification\",\"valueRequired\":true,\"valueName\":\"search_term_string\"}}],\"inLanguage\":\"pt-BR\"}]}<\/script>\n<!-- \/ Yoast SEO plugin. -->","yoast_head_json":{"title":"por que ter um site? - SlideSites","robots":{"index":"index","follow":"follow","max-snippet":"max-snippet:-1","max-image-preview":"max-image-preview:large","max-video-preview":"max-video-preview:-1"},"canonical":"https:\/\/slidesites.com.br\/index.php\/por-que-ter-um-site\/","og_locale":"pt_BR","og_type":"article","og_title":"por que ter um site? - SlideSites","og_description":"POR QUE TER UM SITE Em tempos de redes sociais h\u00e1 quem questione a utilidade de um website, j\u00e1 que as pessoas gastam bastante tempo nas redes sociais.&nbsp;Desenvolvemos uma lista de pontos positivos que \u00e9 bacana de ser considerado: Fortalece a sua marca:Quando voc\u00ea tem um site devidamente registrado, \u00e9 transmitida uma sensa\u00e7\u00e3o de solidez,&hellip; Continuar lendo por que ter um site?","og_url":"https:\/\/slidesites.com.br\/index.php\/por-que-ter-um-site\/","og_site_name":"SlideSites","article_modified_time":"2021-09-07T22:06:07+00:00","og_image":[{"url":"https:\/\/slidesites.com.br\/wp-content\/uploads\/2021\/09\/pq_site-1024x680.jpg","type":"","width":"","height":""}],"twitter_card":"summary_large_image","twitter_misc":{"Est. tempo de leitura":"3 minutos"},"schema":{"@context":"https:\/\/schema.org","@graph":[{"@type":"WebPage","@id":"https:\/\/slidesites.com.br\/index.php\/por-que-ter-um-site\/","url":"https:\/\/slidesites.com.br\/index.php\/por-que-ter-um-site\/","name":"por que ter um site? - SlideSites","isPartOf":{"@id":"https:\/\/slidesites.com.br\/#website"},"primaryImageOfPage":{"@id":"https:\/\/slidesites.com.br\/index.php\/por-que-ter-um-site\/#primaryimage"},"image":{"@id":"https:\/\/slidesites.com.br\/index.php\/por-que-ter-um-site\/#primaryimage"},"thumbnailUrl":"https:\/\/slidesites.com.br\/wp-content\/uploads\/2021\/09\/pq_site-1024x680.jpg","datePublished":"2021-07-14T17:03:40+00:00","dateModified":"2021-09-07T22:06:07+00:00","breadcrumb":{"@id":"https:\/\/slidesites.com.br\/index.php\/por-que-ter-um-site\/#breadcrumb"},"inLanguage":"pt-BR","potentialAction":[{"@type":"ReadAction","target":["https:\/\/slidesites.com.br\/index.php\/por-que-ter-um-site\/"]}]},{"@type":"ImageObject","inLanguage":"pt-BR","@id":"https:\/\/slidesites.com.br\/index.php\/por-que-ter-um-site\/#primaryimage","url":"https:\/\/slidesites.com.br\/wp-content\/uploads\/2021\/09\/pq_site.jpg","contentUrl":"https:\/\/slidesites.com.br\/wp-content\/uploads\/2021\/09\/pq_site.jpg","width":1280,"height":850},{"@type":"BreadcrumbList","@id":"https:\/\/slidesites.com.br\/index.php\/por-que-ter-um-site\/#breadcrumb","itemListElement":[{"@type":"ListItem","position":1,"name":"In\u00edcio","item":"https:\/\/slidesites.com.br\/"},{"@type":"ListItem","position":2,"name":"por que ter um site?"}]},{"@type":"WebSite","@id":"https:\/\/slidesites.com.br\/#website","url":"https:\/\/slidesites.com.br\/","name":"SlideSites","description":"","potentialAction":[{"@type":"SearchAction","target":{"@type":"EntryPoint","urlTemplate":"https:\/\/slidesites.com.br\/?s={search_term_string}"},"query-input":{"@type":"PropertyValueSpecification","valueRequired":true,"valueName":"search_term_string"}}],"inLanguage":"pt-BR"}]}},"_links":{"self":[{"href":"https:\/\/slidesites.com.br\/index.php\/wp-json\/wp\/v2\/pages\/91","targetHints":{"allow":["GET"]}}],"collection":[{"href":"https:\/\/slidesites.com.br\/index.php\/wp-json\/wp\/v2\/pages"}],"about":[{"href":"https:\/\/slidesites.com.br\/index.php\/wp-json\/wp\/v2\/types\/page"}],"author":[{"embeddable":true,"href":"https:\/\/slidesites.com.br\/index.php\/wp-json\/wp\/v2\/users\/1"}],"replies":[{"embeddable":true,"href":"https:\/\/slidesites.com.br\/index.php\/wp-json\/wp\/v2\/comments?post=91"}],"version-history":[{"count":35,"href":"https:\/\/slidesites.com.br\/index.php\/wp-json\/wp\/v2\/pages\/91\/revisions"}],"predecessor-version":[{"id":1201,"href":"https:\/\/slidesites.com.br\/index.php\/wp-json\/wp\/v2\/pages\/91\/revisions\/1201"}],"wp:attachment":[{"href":"https:\/\/slidesites.com.br\/index.php\/wp-json\/wp\/v2\/media?parent=91"}],"curies":[{"name":"wp","href":"https:\/\/api.w.org\/{rel}","templated":true}]}}