{"id":93,"date":"2021-07-14T14:03:51","date_gmt":"2021-07-14T17:03:51","guid":{"rendered":"https:\/\/slidesites.com.br\/?page_id=93"},"modified":"2021-09-26T16:49:29","modified_gmt":"2021-09-26T19:49:29","slug":"blog","status":"publish","type":"page","link":"https:\/\/slidesites.com.br\/index.php\/blog\/","title":{"rendered":"blog"},"content":{"rendered":"\t\t<div data-elementor-type=\"wp-page\" data-elementor-id=\"93\" class=\"elementor elementor-93\">\n\t\t\t\t\t\t<section class=\"elementor-section elementor-top-section elementor-element elementor-element-79af44a elementor-section-boxed elementor-section-height-default elementor-section-height-default\" data-id=\"79af44a\" data-element_type=\"section\" data-e-type=\"section\" data-settings=\"{&quot;background_background&quot;:&quot;classic&quot;}\">\n\t\t\t\t\t\t<div class=\"elementor-container elementor-column-gap-default\">\n\t\t\t\t\t<div class=\"elementor-column elementor-col-100 elementor-top-column elementor-element elementor-element-97892a2\" data-id=\"97892a2\" data-element_type=\"column\" data-e-type=\"column\">\n\t\t\t<div class=\"elementor-widget-wrap elementor-element-populated\">\n\t\t\t\t\t\t<div class=\"elementor-element elementor-element-8927781 elementor-widget elementor-widget-heading\" data-id=\"8927781\" data-element_type=\"widget\" data-e-type=\"widget\" data-widget_type=\"heading.default\">\n\t\t\t\t<div class=\"elementor-widget-container\">\n\t\t\t\t\t<h2 class=\"elementor-heading-title elementor-size-xl\">HYPERBLOG<\/h2>\t\t\t\t<\/div>\n\t\t\t\t<\/div>\n\t\t\t\t\t<\/div>\n\t\t<\/div>\n\t\t\t\t\t<\/div>\n\t\t<\/section>\n\t\t\t\t<section class=\"elementor-section elementor-top-section elementor-element elementor-element-e233b2f elementor-section-boxed elementor-section-height-default elementor-section-height-default\" data-id=\"e233b2f\" data-element_type=\"section\" data-e-type=\"section\">\n\t\t\t\t\t\t<div class=\"elementor-container elementor-column-gap-default\">\n\t\t\t\t\t<div class=\"elementor-column elementor-col-100 elementor-top-column elementor-element elementor-element-29337b6\" data-id=\"29337b6\" data-element_type=\"column\" data-e-type=\"column\">\n\t\t\t<div class=\"elementor-widget-wrap elementor-element-populated\">\n\t\t\t\t\t\t<div class=\"elementor-element elementor-element-73dad1f elementor-widget elementor-widget-elementskit-blog-posts\" data-id=\"73dad1f\" data-element_type=\"widget\" data-e-type=\"widget\" data-widget_type=\"elementskit-blog-posts.default\">\n\t\t\t\t<div class=\"elementor-widget-container\">\n\t\t\t\t\t<div class=\"ekit-wid-con\" >        <div id=\"post-items--73dad1f\" class=\"row post-items\">\n                    <div class=\"col-md-12\">\n\n                                    <div class=\"elementskit-blog-block-post\">\n                        <div class=\"row no-gutters\">\n                                                            <div class=\"col-md-6 order-1\">\n                                    <a href=\"https:\/\/slidesites.com.br\/index.php\/2021\/07\/21\/quais-os-melhores-formatos-para-trabalhar-o-marketing-de-conteudo-da-sua-marca\/\" class=\"elementskit-entry-thumb\">\n                                        <img decoding=\"async\" src=\"https:\/\/slidesites.com.br\/wp-content\/uploads\/2021\/07\/influencer-4081842_1920-1024x683.jpg\" alt=\"Quais os melhores formatos para trabalhar o marketing de conte\u00fado da sua marca?\">\n                                    <\/a><!-- .elementskit-entry-thumb END -->\n                                <\/div>\n                            \n                            <div class=\"col-md-6 order-2\">\n                                <div class=\"elementskit-post-body \">\n                                    <div class=\"elementskit-entry-header\">\n                                        \n                                                                                            \t\t\t\t\t                                            \n                                            \n                                                                                            \t\t\t\t<h2 class=\"entry-title\">\n\t\t\t\t\t<a href=\"https:\/\/slidesites.com.br\/index.php\/2021\/07\/21\/quais-os-melhores-formatos-para-trabalhar-o-marketing-de-conteudo-da-sua-marca\/\">\n\t\t\t\t\t\tQuais os melhores formatos para trabalhar o marketing de conte\u00fado da sua marca?\t\t\t\t\t<\/a>\n\t\t\t\t<\/h2>\n\t\t\t                                                                                <\/div><!-- .elementskit-entry-header END -->\n\n                                                                            <div class=\"elementskit-post-footer\">\n                                                                                            <p>Voc\u00ea pode dizer que existem muitos formatos para se trabalhar o marketing de conte\u00fado, e existem mesmo! Aqui iremos listar os mais utilizados para dar um impulso inicial na sua longa jornada no mundo digital. \u00c9 bacana ficar sempre atento aos formatos que as pessoas gostam mais de consumir, assim voc\u00ea dar\u00e1 tiros certeiros, identificando&hellip; <a class=\"more-link\" href=\"https:\/\/slidesites.com.br\/index.php\/2021\/07\/21\/quais-os-melhores-formatos-para-trabalhar-o-marketing-de-conteudo-da-sua-marca\/\">Continuar lendo <span class=\"screen-reader-text\">Quais os melhores formatos para trabalhar o marketing de conte\u00fado da sua marca?<\/span><\/a><\/p>\n                                                                                                                                <\/div><!-- .elementskit-post-footer END -->\n                                                                    <\/div><!-- .elementskit-post-body END -->\n                            <\/div>\n                        <\/div>\n                    <\/div><!-- .elementskit-blog-block-post .radius .gradient-bg END -->\n                \n            <\/div>\n                    <div class=\"col-md-12\">\n\n                                    <div class=\"elementskit-blog-block-post\">\n                        <div class=\"row no-gutters\">\n                                                            <div class=\"col-md-6 order-1\">\n                                    <a href=\"https:\/\/slidesites.com.br\/index.php\/2021\/07\/21\/comece-a-produzir-seus-primeiros-conteudos-para-a-internet\/\" class=\"elementskit-entry-thumb\">\n                                        <img decoding=\"async\" src=\"https:\/\/slidesites.com.br\/wp-content\/uploads\/2021\/07\/writing-923882_1920-1024x683.jpg\" alt=\"Comece a produzir seus primeiros conte\u00fados para a internet\">\n                                    <\/a><!-- .elementskit-entry-thumb END -->\n                                <\/div>\n                            \n                            <div class=\"col-md-6 order-2\">\n                                <div class=\"elementskit-post-body \">\n                                    <div class=\"elementskit-entry-header\">\n                                        \n                                                                                            \t\t\t\t\t                                            \n                                            \n                                                                                            \t\t\t\t<h2 class=\"entry-title\">\n\t\t\t\t\t<a href=\"https:\/\/slidesites.com.br\/index.php\/2021\/07\/21\/comece-a-produzir-seus-primeiros-conteudos-para-a-internet\/\">\n\t\t\t\t\t\tComece a produzir seus primeiros conte\u00fados para a internet\t\t\t\t\t<\/a>\n\t\t\t\t<\/h2>\n\t\t\t                                                                                <\/div><!-- .elementskit-entry-header END -->\n\n                                                                            <div class=\"elementskit-post-footer\">\n                                                                                            <p>\u00c0 primeira vista, produzir seus primeiros conte\u00fados para a internet parece f\u00e1cil, tranquilo e simplista. Quando vamos para o jogo, se mostra complexo e quase imposs\u00edvel de se realizar. Mas calma&#8230; Antes de enlouquecer, confira nosso texto! Cada vez mais e mais pessoas utilizam o marketing de conte\u00fado para alavancar suas carreiras, marcas e produtos.&hellip; <a class=\"more-link\" href=\"https:\/\/slidesites.com.br\/index.php\/2021\/07\/21\/comece-a-produzir-seus-primeiros-conteudos-para-a-internet\/\">Continuar lendo <span class=\"screen-reader-text\">Comece a produzir seus primeiros conte\u00fados para a internet<\/span><\/a><\/p>\n                                                                                                                                <\/div><!-- .elementskit-post-footer END -->\n                                                                    <\/div><!-- .elementskit-post-body END -->\n                            <\/div>\n                        <\/div>\n                    <\/div><!-- .elementskit-blog-block-post .radius .gradient-bg END -->\n                \n            <\/div>\n                    <div class=\"col-md-12\">\n\n                                    <div class=\"elementskit-blog-block-post\">\n                        <div class=\"row no-gutters\">\n                                                            <div class=\"col-md-6 order-1\">\n                                    <a href=\"https:\/\/slidesites.com.br\/index.php\/2021\/07\/21\/o-que-e-um-site-responsivo\/\" class=\"elementskit-entry-thumb\">\n                                        <img decoding=\"async\" src=\"https:\/\/slidesites.com.br\/wp-content\/uploads\/2021\/07\/mobile-1125445_1920-1024x683.jpg\" alt=\"O que \u00e9 um site responsivo?\">\n                                    <\/a><!-- .elementskit-entry-thumb END -->\n                                <\/div>\n                            \n                            <div class=\"col-md-6 order-2\">\n                                <div class=\"elementskit-post-body \">\n                                    <div class=\"elementskit-entry-header\">\n                                        \n                                                                                            \t\t\t\t\t                                            \n                                            \n                                                                                            \t\t\t\t<h2 class=\"entry-title\">\n\t\t\t\t\t<a href=\"https:\/\/slidesites.com.br\/index.php\/2021\/07\/21\/o-que-e-um-site-responsivo\/\">\n\t\t\t\t\t\tO que \u00e9 um site responsivo?\t\t\t\t\t<\/a>\n\t\t\t\t<\/h2>\n\t\t\t                                                                                <\/div><!-- .elementskit-entry-header END -->\n\n                                                                            <div class=\"elementskit-post-footer\">\n                                                                                            <p>Todo empreendedor precisa e merece ter um site responsivo pois as plataformas m\u00f3veis se tornaram importantes fontes de neg\u00f3cio para o com\u00e9rcio eletr\u00f4nico. Atualmente cerca de 80% do tr\u00e1fego vem de smartphones, e \u00e9 nessas horas que vemos a import\u00e2ncia de se ter um site responsivo. Cada vez mais as pessoas d\u00e3o valor a maneira&hellip; <a class=\"more-link\" href=\"https:\/\/slidesites.com.br\/index.php\/2021\/07\/21\/o-que-e-um-site-responsivo\/\">Continuar lendo <span class=\"screen-reader-text\">O que \u00e9 um site responsivo?<\/span><\/a><\/p>\n                                                                                                                                <\/div><!-- .elementskit-post-footer END -->\n                                                                    <\/div><!-- .elementskit-post-body END -->\n                            <\/div>\n                        <\/div>\n                    <\/div><!-- .elementskit-blog-block-post .radius .gradient-bg END -->\n                \n            <\/div>\n                    <div class=\"col-md-12\">\n\n                                    <div class=\"elementskit-blog-block-post\">\n                        <div class=\"row no-gutters\">\n                                                            <div class=\"col-md-6 order-1\">\n                                    <a href=\"https:\/\/slidesites.com.br\/index.php\/2021\/07\/21\/dicas-para-aprimorar-seu-atendimento-online\/\" class=\"elementskit-entry-thumb\">\n                                        <img decoding=\"async\" src=\"https:\/\/slidesites.com.br\/wp-content\/uploads\/2021\/07\/ecommerce-3546296_1920-1024x349.jpg\" alt=\"Dicas para aprimorar seu atendimento online\">\n                                    <\/a><!-- .elementskit-entry-thumb END -->\n                                <\/div>\n                            \n                            <div class=\"col-md-6 order-2\">\n                                <div class=\"elementskit-post-body \">\n                                    <div class=\"elementskit-entry-header\">\n                                        \n                                                                                            \t\t\t\t\t                                            \n                                            \n                                                                                            \t\t\t\t<h2 class=\"entry-title\">\n\t\t\t\t\t<a href=\"https:\/\/slidesites.com.br\/index.php\/2021\/07\/21\/dicas-para-aprimorar-seu-atendimento-online\/\">\n\t\t\t\t\t\tDicas para aprimorar seu atendimento online\t\t\t\t\t<\/a>\n\t\t\t\t<\/h2>\n\t\t\t                                                                                <\/div><!-- .elementskit-entry-header END -->\n\n                                                                            <div class=\"elementskit-post-footer\">\n                                                                                            <p>A procura por produtos e servi\u00e7os online aumentaram drasticamente desde o in\u00edcio da Pandemia. Desde ent\u00e3o, as pessoas passaram a evitar ir em lojas f\u00edsicas e come\u00e7aram a mudar seus h\u00e1bitos de compra. Sua empresa ou loja ainda n\u00e3o conseguiu se adaptar \u00e0s novas maneiras de atender bem aos clientes por conta do distanciamento? O&hellip; <a class=\"more-link\" href=\"https:\/\/slidesites.com.br\/index.php\/2021\/07\/21\/dicas-para-aprimorar-seu-atendimento-online\/\">Continuar lendo <span class=\"screen-reader-text\">Dicas para aprimorar seu atendimento online<\/span><\/a><\/p>\n                                                                                                                                <\/div><!-- .elementskit-post-footer END -->\n                                                                    <\/div><!-- .elementskit-post-body END -->\n                            <\/div>\n                        <\/div>\n                    <\/div><!-- .elementskit-blog-block-post .radius .gradient-bg END -->\n                \n            <\/div>\n                <\/div>\n       <\/div>\t\t\t\t<\/div>\n\t\t\t\t<\/div>\n\t\t\t\t\t<\/div>\n\t\t<\/div>\n\t\t\t\t\t<\/div>\n\t\t<\/section>\n\t\t\t\t<\/div>\n\t\t","protected":false},"excerpt":{"rendered":"<p>HYPERBLOG Quais os melhores formatos para trabalhar o marketing de conte\u00fado da sua marca? Voc\u00ea pode dizer que existem muitos formatos para se trabalhar o marketing de conte\u00fado, e existem mesmo! Aqui iremos listar os mais utilizados para dar um impulso inicial na sua longa jornada no mundo digital. \u00c9 bacana ficar sempre atento aos&hellip; <a class=\"more-link\" href=\"https:\/\/slidesites.com.br\/index.php\/2021\/07\/21\/dicas-para-aprimorar-seu-atendimento-online\/\">Continuar lendo <span class=\"screen-reader-text\">Dicas para aprimorar seu atendimento online<\/span><\/a><\/p>\n","protected":false},"author":1,"featured_media":0,"parent":0,"menu_order":0,"comment_status":"closed","ping_status":"closed","template":"","meta":{"footnotes":""},"class_list":["post-93","page","type-page","status-publish","hentry","entry"],"yoast_head":"<!-- This site is optimized with the Yoast SEO plugin v27.1.1 - https:\/\/yoast.com\/product\/yoast-seo-wordpress\/ -->\n<title>blog - SlideSites<\/title>\n<meta name=\"robots\" content=\"index, follow, max-snippet:-1, max-image-preview:large, max-video-preview:-1\" \/>\n<link rel=\"canonical\" href=\"https:\/\/slidesites.com.br\/index.php\/blog\/\" \/>\n<meta property=\"og:locale\" content=\"pt_BR\" \/>\n<meta property=\"og:type\" content=\"article\" \/>\n<meta property=\"og:title\" content=\"blog - SlideSites\" \/>\n<meta property=\"og:description\" content=\"HYPERBLOG Quais os melhores formatos para trabalhar o marketing de conte\u00fado da sua marca? Voc\u00ea pode dizer que existem muitos formatos para se trabalhar o marketing de conte\u00fado, e existem mesmo! Aqui iremos listar os mais utilizados para dar um impulso inicial na sua longa jornada no mundo digital. \u00c9 bacana ficar sempre atento aos&hellip; Continuar lendo Dicas para aprimorar seu atendimento online\" \/>\n<meta property=\"og:url\" content=\"https:\/\/slidesites.com.br\/index.php\/blog\/\" \/>\n<meta property=\"og:site_name\" content=\"SlideSites\" \/>\n<meta property=\"article:modified_time\" content=\"2021-09-26T19:49:29+00:00\" \/>\n<meta property=\"og:image\" content=\"https:\/\/slidesites.com.br\/wp-content\/uploads\/2021\/07\/influencer-4081842_1920-1024x683.jpg\" \/>\n<meta name=\"twitter:card\" content=\"summary_large_image\" \/>\n<meta name=\"twitter:label1\" content=\"Est. tempo de leitura\" \/>\n\t<meta name=\"twitter:data1\" content=\"2 minutos\" \/>\n<script type=\"application\/ld+json\" class=\"yoast-schema-graph\">{\"@context\":\"https:\/\/schema.org\",\"@graph\":[{\"@type\":\"WebPage\",\"@id\":\"https:\/\/slidesites.com.br\/index.php\/blog\/\",\"url\":\"https:\/\/slidesites.com.br\/index.php\/blog\/\",\"name\":\"blog - SlideSites\",\"isPartOf\":{\"@id\":\"https:\/\/slidesites.com.br\/#website\"},\"primaryImageOfPage\":{\"@id\":\"https:\/\/slidesites.com.br\/index.php\/blog\/#primaryimage\"},\"image\":{\"@id\":\"https:\/\/slidesites.com.br\/index.php\/blog\/#primaryimage\"},\"thumbnailUrl\":\"https:\/\/slidesites.com.br\/wp-content\/uploads\/2021\/07\/influencer-4081842_1920-1024x683.jpg\",\"datePublished\":\"2021-07-14T17:03:51+00:00\",\"dateModified\":\"2021-09-26T19:49:29+00:00\",\"breadcrumb\":{\"@id\":\"https:\/\/slidesites.com.br\/index.php\/blog\/#breadcrumb\"},\"inLanguage\":\"pt-BR\",\"potentialAction\":[{\"@type\":\"ReadAction\",\"target\":[\"https:\/\/slidesites.com.br\/index.php\/blog\/\"]}]},{\"@type\":\"ImageObject\",\"inLanguage\":\"pt-BR\",\"@id\":\"https:\/\/slidesites.com.br\/index.php\/blog\/#primaryimage\",\"url\":\"https:\/\/slidesites.com.br\/wp-content\/uploads\/2021\/07\/influencer-4081842_1920.jpg\",\"contentUrl\":\"https:\/\/slidesites.com.br\/wp-content\/uploads\/2021\/07\/influencer-4081842_1920.jpg\",\"width\":1920,\"height\":1281},{\"@type\":\"BreadcrumbList\",\"@id\":\"https:\/\/slidesites.com.br\/index.php\/blog\/#breadcrumb\",\"itemListElement\":[{\"@type\":\"ListItem\",\"position\":1,\"name\":\"In\u00edcio\",\"item\":\"https:\/\/slidesites.com.br\/\"},{\"@type\":\"ListItem\",\"position\":2,\"name\":\"blog\"}]},{\"@type\":\"WebSite\",\"@id\":\"https:\/\/slidesites.com.br\/#website\",\"url\":\"https:\/\/slidesites.com.br\/\",\"name\":\"SlideSites\",\"description\":\"\",\"potentialAction\":[{\"@type\":\"SearchAction\",\"target\":{\"@type\":\"EntryPoint\",\"urlTemplate\":\"https:\/\/slidesites.com.br\/?s={search_term_string}\"},\"query-input\":{\"@type\":\"PropertyValueSpecification\",\"valueRequired\":true,\"valueName\":\"search_term_string\"}}],\"inLanguage\":\"pt-BR\"}]}<\/script>\n<!-- \/ Yoast SEO plugin. -->","yoast_head_json":{"title":"blog - SlideSites","robots":{"index":"index","follow":"follow","max-snippet":"max-snippet:-1","max-image-preview":"max-image-preview:large","max-video-preview":"max-video-preview:-1"},"canonical":"https:\/\/slidesites.com.br\/index.php\/blog\/","og_locale":"pt_BR","og_type":"article","og_title":"blog - SlideSites","og_description":"HYPERBLOG Quais os melhores formatos para trabalhar o marketing de conte\u00fado da sua marca? Voc\u00ea pode dizer que existem muitos formatos para se trabalhar o marketing de conte\u00fado, e existem mesmo! Aqui iremos listar os mais utilizados para dar um impulso inicial na sua longa jornada no mundo digital. \u00c9 bacana ficar sempre atento aos&hellip; Continuar lendo Dicas para aprimorar seu atendimento online","og_url":"https:\/\/slidesites.com.br\/index.php\/blog\/","og_site_name":"SlideSites","article_modified_time":"2021-09-26T19:49:29+00:00","og_image":[{"url":"https:\/\/slidesites.com.br\/wp-content\/uploads\/2021\/07\/influencer-4081842_1920-1024x683.jpg","type":"","width":"","height":""}],"twitter_card":"summary_large_image","twitter_misc":{"Est. tempo de leitura":"2 minutos"},"schema":{"@context":"https:\/\/schema.org","@graph":[{"@type":"WebPage","@id":"https:\/\/slidesites.com.br\/index.php\/blog\/","url":"https:\/\/slidesites.com.br\/index.php\/blog\/","name":"blog - SlideSites","isPartOf":{"@id":"https:\/\/slidesites.com.br\/#website"},"primaryImageOfPage":{"@id":"https:\/\/slidesites.com.br\/index.php\/blog\/#primaryimage"},"image":{"@id":"https:\/\/slidesites.com.br\/index.php\/blog\/#primaryimage"},"thumbnailUrl":"https:\/\/slidesites.com.br\/wp-content\/uploads\/2021\/07\/influencer-4081842_1920-1024x683.jpg","datePublished":"2021-07-14T17:03:51+00:00","dateModified":"2021-09-26T19:49:29+00:00","breadcrumb":{"@id":"https:\/\/slidesites.com.br\/index.php\/blog\/#breadcrumb"},"inLanguage":"pt-BR","potentialAction":[{"@type":"ReadAction","target":["https:\/\/slidesites.com.br\/index.php\/blog\/"]}]},{"@type":"ImageObject","inLanguage":"pt-BR","@id":"https:\/\/slidesites.com.br\/index.php\/blog\/#primaryimage","url":"https:\/\/slidesites.com.br\/wp-content\/uploads\/2021\/07\/influencer-4081842_1920.jpg","contentUrl":"https:\/\/slidesites.com.br\/wp-content\/uploads\/2021\/07\/influencer-4081842_1920.jpg","width":1920,"height":1281},{"@type":"BreadcrumbList","@id":"https:\/\/slidesites.com.br\/index.php\/blog\/#breadcrumb","itemListElement":[{"@type":"ListItem","position":1,"name":"In\u00edcio","item":"https:\/\/slidesites.com.br\/"},{"@type":"ListItem","position":2,"name":"blog"}]},{"@type":"WebSite","@id":"https:\/\/slidesites.com.br\/#website","url":"https:\/\/slidesites.com.br\/","name":"SlideSites","description":"","potentialAction":[{"@type":"SearchAction","target":{"@type":"EntryPoint","urlTemplate":"https:\/\/slidesites.com.br\/?s={search_term_string}"},"query-input":{"@type":"PropertyValueSpecification","valueRequired":true,"valueName":"search_term_string"}}],"inLanguage":"pt-BR"}]}},"_links":{"self":[{"href":"https:\/\/slidesites.com.br\/index.php\/wp-json\/wp\/v2\/pages\/93","targetHints":{"allow":["GET"]}}],"collection":[{"href":"https:\/\/slidesites.com.br\/index.php\/wp-json\/wp\/v2\/pages"}],"about":[{"href":"https:\/\/slidesites.com.br\/index.php\/wp-json\/wp\/v2\/types\/page"}],"author":[{"embeddable":true,"href":"https:\/\/slidesites.com.br\/index.php\/wp-json\/wp\/v2\/users\/1"}],"replies":[{"embeddable":true,"href":"https:\/\/slidesites.com.br\/index.php\/wp-json\/wp\/v2\/comments?post=93"}],"version-history":[{"count":22,"href":"https:\/\/slidesites.com.br\/index.php\/wp-json\/wp\/v2\/pages\/93\/revisions"}],"predecessor-version":[{"id":1463,"href":"https:\/\/slidesites.com.br\/index.php\/wp-json\/wp\/v2\/pages\/93\/revisions\/1463"}],"wp:attachment":[{"href":"https:\/\/slidesites.com.br\/index.php\/wp-json\/wp\/v2\/media?parent=93"}],"curies":[{"name":"wp","href":"https:\/\/api.w.org\/{rel}","templated":true}]}}