{"id":95,"date":"2021-07-14T14:04:05","date_gmt":"2021-07-14T17:04:05","guid":{"rendered":"https:\/\/slidesites.com.br\/?page_id=95"},"modified":"2021-09-05T19:47:52","modified_gmt":"2021-09-05T22:47:52","slug":"contato","status":"publish","type":"page","link":"https:\/\/slidesites.com.br\/index.php\/contato\/","title":{"rendered":"contato"},"content":{"rendered":"\t\t<div data-elementor-type=\"wp-page\" data-elementor-id=\"95\" class=\"elementor elementor-95\">\n\t\t\t\t\t\t<section class=\"elementor-section elementor-top-section elementor-element elementor-element-8e36e10 elementor-section-boxed elementor-section-height-default elementor-section-height-default\" data-id=\"8e36e10\" data-element_type=\"section\" data-e-type=\"section\" data-settings=\"{&quot;background_background&quot;:&quot;classic&quot;}\">\n\t\t\t\t\t\t<div class=\"elementor-container elementor-column-gap-default\">\n\t\t\t\t\t<div class=\"elementor-column elementor-col-100 elementor-top-column elementor-element elementor-element-6652c1e\" data-id=\"6652c1e\" data-element_type=\"column\" data-e-type=\"column\">\n\t\t\t<div class=\"elementor-widget-wrap elementor-element-populated\">\n\t\t\t\t\t\t<div class=\"elementor-element elementor-element-e7a5378 elementor-widget elementor-widget-heading\" data-id=\"e7a5378\" data-element_type=\"widget\" data-e-type=\"widget\" data-widget_type=\"heading.default\">\n\t\t\t\t<div class=\"elementor-widget-container\">\n\t\t\t\t\t<h2 class=\"elementor-heading-title elementor-size-default\">CONTATO<\/h2>\t\t\t\t<\/div>\n\t\t\t\t<\/div>\n\t\t\t\t\t<\/div>\n\t\t<\/div>\n\t\t\t\t\t<\/div>\n\t\t<\/section>\n\t\t\t\t<section class=\"elementor-section elementor-top-section elementor-element elementor-element-7f28ffa elementor-section-boxed elementor-section-height-default elementor-section-height-default\" data-id=\"7f28ffa\" data-element_type=\"section\" data-e-type=\"section\" data-settings=\"{&quot;background_background&quot;:&quot;classic&quot;}\">\n\t\t\t\t\t\t<div class=\"elementor-container elementor-column-gap-default\">\n\t\t\t\t\t<div class=\"elementor-column elementor-col-50 elementor-top-column elementor-element elementor-element-6a3c503\" data-id=\"6a3c503\" data-element_type=\"column\" data-e-type=\"column\">\n\t\t\t<div class=\"elementor-widget-wrap elementor-element-populated\">\n\t\t\t\t\t\t<div class=\"elementor-element elementor-element-52bcd58 elementor-widget elementor-widget-text-editor\" data-id=\"52bcd58\" data-element_type=\"widget\" data-e-type=\"widget\" data-widget_type=\"text-editor.default\">\n\t\t\t\t<div class=\"elementor-widget-container\">\n\t\t\t\t\t\t\t\t\t<p>Vamos conversar sobre seu novo site ?<\/p>\t\t\t\t\t\t\t\t<\/div>\n\t\t\t\t<\/div>\n\t\t\t\t<div class=\"elementor-element elementor-element-f306c99 elementor-widget elementor-widget-image\" data-id=\"f306c99\" data-element_type=\"widget\" data-e-type=\"widget\" data-widget_type=\"image.default\">\n\t\t\t\t<div class=\"elementor-widget-container\">\n\t\t\t\t\t\t\t\t\t\t\t\t\t\t\t<img decoding=\"async\" src=\"https:\/\/slidesites.com.br\/wp-content\/uploads\/elementor\/thumbs\/mega_2-pcao78ccz6395k2hlp2ldvfc8v4ma662igh1smt2vk.png\" title=\"mega_2\" alt=\"mega_2\" loading=\"lazy\" \/>\t\t\t\t\t\t\t\t\t\t\t\t\t\t\t<\/div>\n\t\t\t\t<\/div>\n\t\t\t\t<div class=\"elementor-element elementor-element-45cf53c elementor-widget elementor-widget-image\" data-id=\"45cf53c\" data-element_type=\"widget\" data-e-type=\"widget\" data-widget_type=\"image.default\">\n\t\t\t\t<div class=\"elementor-widget-container\">\n\t\t\t\t\t\t\t\t\t\t\t\t\t\t\t\t<a href=\"http:\/\/api.whatsapp.com\/send?1=pt_BR&#038;phone=5516992305260\" target=\"_blank\">\n\t\t\t\t\t\t\t<img decoding=\"async\" src=\"https:\/\/slidesites.com.br\/wp-content\/uploads\/elementor\/thumbs\/whats_0-pccfu4jp50r9n0c56hpbbqfihnht1h957fovvsu3x8.png\" title=\"whats_0\" alt=\"whats_0\" loading=\"lazy\" \/>\t\t\t\t\t\t\t\t<\/a>\n\t\t\t\t\t\t\t\t\t\t\t\t\t\t\t<\/div>\n\t\t\t\t<\/div>\n\t\t\t\t\t<\/div>\n\t\t<\/div>\n\t\t\t\t<div class=\"elementor-column elementor-col-50 elementor-top-column elementor-element elementor-element-7a5b640\" data-id=\"7a5b640\" data-element_type=\"column\" data-e-type=\"column\">\n\t\t\t<div class=\"elementor-widget-wrap elementor-element-populated\">\n\t\t\t\t\t\t<div class=\"elementor-element elementor-element-7c81190 eael-contact-form-7-button-align-left eael-contact-form-7-button-custom elementor-widget elementor-widget-eael-contact-form-7\" data-id=\"7c81190\" data-element_type=\"widget\" data-e-type=\"widget\" data-widget_type=\"eael-contact-form-7.default\">\n\t\t\t\t<div class=\"elementor-widget-container\">\n\t\t\t\t\t<div class=\"eael-contact-form-7-wrapper\">\n                <div class=\"eael-contact-form eael-contact-form-7 eael-contact-form-7c81190 placeholder-show eael-custom-radio-checkbox eael-contact-form-align-default\">\n<div class=\"wpcf7 no-js\" id=\"wpcf7-f529-o1\" lang=\"pt-BR\" dir=\"ltr\" data-wpcf7-id=\"529\">\n<div class=\"screen-reader-response\"><p role=\"status\" aria-live=\"polite\" aria-atomic=\"true\"><\/p> <ul><\/ul><\/div>\n<form action=\"\/index.php\/wp-json\/wp\/v2\/pages\/95#wpcf7-f529-o1\" method=\"post\" class=\"wpcf7-form init\" aria-label=\"Formul\u00e1rios de contato\" novalidate=\"novalidate\" data-status=\"init\">\n<fieldset class=\"hidden-fields-container\"><input type=\"hidden\" name=\"_wpcf7\" value=\"529\" \/><input type=\"hidden\" name=\"_wpcf7_version\" value=\"6.1.5\" \/><input type=\"hidden\" name=\"_wpcf7_locale\" value=\"pt_BR\" \/><input type=\"hidden\" name=\"_wpcf7_unit_tag\" value=\"wpcf7-f529-o1\" \/><input type=\"hidden\" name=\"_wpcf7_container_post\" value=\"0\" \/><input type=\"hidden\" name=\"_wpcf7_posted_data_hash\" value=\"\" \/>\n<\/fieldset>\n<p><label> Nome:<br \/>\n<span class=\"wpcf7-form-control-wrap\" data-name=\"your-name\"><input size=\"40\" maxlength=\"400\" class=\"wpcf7-form-control wpcf7-text wpcf7-validates-as-required\" aria-required=\"true\" aria-invalid=\"false\" value=\"\" type=\"text\" name=\"your-name\" \/><\/span> <\/label>\n<\/p>\n<p><label> E-mail:<br \/>\n<span class=\"wpcf7-form-control-wrap\" data-name=\"your-email\"><input size=\"40\" maxlength=\"400\" class=\"wpcf7-form-control wpcf7-email wpcf7-validates-as-required wpcf7-text wpcf7-validates-as-email\" aria-required=\"true\" aria-invalid=\"false\" value=\"\" type=\"email\" name=\"your-email\" \/><\/span> <\/label>\n<\/p>\n<p><label> Celular:<br \/>\n<span class=\"wpcf7-form-control-wrap\" data-name=\"tel-417\"><input size=\"40\" maxlength=\"400\" class=\"wpcf7-form-control wpcf7-tel wpcf7-text wpcf7-validates-as-tel\" aria-invalid=\"false\" value=\"\" type=\"tel\" name=\"tel-417\" \/><\/span> <\/label>\n<\/p>\n<p><label> Empresa:<br \/>\n<span class=\"wpcf7-form-control-wrap\" data-name=\"text-129\"><input size=\"40\" maxlength=\"400\" class=\"wpcf7-form-control wpcf7-text\" aria-invalid=\"false\" value=\"\" type=\"text\" name=\"text-129\" \/><\/span> <\/label>\n<\/p>\n<p><label> Voc\u00ea est\u00e1 neste momento:<br \/>\n<span class=\"wpcf7-form-control-wrap\" data-name=\"menu-423\"><select class=\"wpcf7-form-control wpcf7-select\" aria-invalid=\"false\" name=\"menu-423\"><option value=\"Abrindo minha empresa\">Abrindo minha empresa<\/option><option value=\"Em expans\u00e3o\">Em expans\u00e3o<\/option><option value=\"J\u00e1 possuo meu neg\u00f3cio\">J\u00e1 possuo meu neg\u00f3cio<\/option><option value=\"Quero um novo site\">Quero um novo site<\/option><\/select><\/span><br \/>\n<\/label>\n<\/p>\n<p><label> Conte pra gente o que voc\u00ea procura:<br \/>\n<span class=\"wpcf7-form-control-wrap\" data-name=\"textarea-288\"><textarea cols=\"40\" rows=\"10\" maxlength=\"2000\" class=\"wpcf7-form-control wpcf7-textarea\" aria-invalid=\"false\" name=\"textarea-288\"><\/textarea><\/span> <\/label>\n<\/p>\n<p><input class=\"wpcf7-form-control wpcf7-submit has-spinner\" type=\"submit\" value=\"Enviar\" \/>\n<\/p><p style=\"display: none !important;\" class=\"akismet-fields-container\" data-prefix=\"_wpcf7_ak_\"><label>&#916;<textarea name=\"_wpcf7_ak_hp_textarea\" cols=\"45\" rows=\"8\" maxlength=\"100\"><\/textarea><\/label><input type=\"hidden\" id=\"ak_js_1\" name=\"_wpcf7_ak_js\" value=\"154\"\/><script>document.getElementById( \"ak_js_1\" ).setAttribute( \"value\", ( new Date() ).getTime() );<\/script><\/p><div class=\"wpcf7-response-output\" aria-hidden=\"true\"><\/div>\n<\/form>\n<\/div>\n<\/div>\n            <\/div>\t\t\t\t<\/div>\n\t\t\t\t<\/div>\n\t\t\t\t\t<\/div>\n\t\t<\/div>\n\t\t\t\t\t<\/div>\n\t\t<\/section>\n\t\t\t\t<\/div>\n\t\t","protected":false},"excerpt":{"rendered":"<p>CONTATO Vamos conversar sobre seu novo site ? Nome: E-mail: Celular: Empresa: Voc\u00ea est\u00e1 neste momento: Abrindo minha empresaEm expans\u00e3oJ\u00e1 possuo meu neg\u00f3cioQuero um novo site Conte pra gente o que voc\u00ea procura:<\/p>\n","protected":false},"author":1,"featured_media":0,"parent":0,"menu_order":0,"comment_status":"closed","ping_status":"closed","template":"","meta":{"footnotes":""},"class_list":["post-95","page","type-page","status-publish","hentry","entry"],"yoast_head":"<!-- This site is optimized with the Yoast SEO plugin v27.1.1 - https:\/\/yoast.com\/product\/yoast-seo-wordpress\/ -->\n<title>contato - SlideSites<\/title>\n<meta name=\"robots\" content=\"index, follow, max-snippet:-1, max-image-preview:large, max-video-preview:-1\" \/>\n<link rel=\"canonical\" href=\"https:\/\/slidesites.com.br\/index.php\/contato\/\" \/>\n<meta property=\"og:locale\" content=\"pt_BR\" \/>\n<meta property=\"og:type\" content=\"article\" \/>\n<meta property=\"og:title\" content=\"contato - SlideSites\" \/>\n<meta property=\"og:description\" content=\"CONTATO Vamos conversar sobre seu novo site ? Nome: E-mail: Celular: Empresa: Voc\u00ea est\u00e1 neste momento: Abrindo minha empresaEm expans\u00e3oJ\u00e1 possuo meu neg\u00f3cioQuero um novo site Conte pra gente o que voc\u00ea procura:\" \/>\n<meta property=\"og:url\" content=\"https:\/\/slidesites.com.br\/index.php\/contato\/\" \/>\n<meta property=\"og:site_name\" content=\"SlideSites\" \/>\n<meta property=\"article:modified_time\" content=\"2021-09-05T22:47:52+00:00\" \/>\n<meta property=\"og:image\" content=\"https:\/\/slidesites.com.br\/wp-content\/uploads\/elementor\/thumbs\/mega_2-pcao78ccz6395k2hlp2ldvfc8v4ma662igh1smt2vk.png\" \/>\n<meta name=\"twitter:card\" content=\"summary_large_image\" \/>\n<meta name=\"twitter:label1\" content=\"Est. tempo de leitura\" \/>\n\t<meta name=\"twitter:data1\" content=\"1 minuto\" \/>\n<script type=\"application\/ld+json\" class=\"yoast-schema-graph\">{\"@context\":\"https:\/\/schema.org\",\"@graph\":[{\"@type\":\"WebPage\",\"@id\":\"https:\/\/slidesites.com.br\/index.php\/contato\/\",\"url\":\"https:\/\/slidesites.com.br\/index.php\/contato\/\",\"name\":\"contato - SlideSites\",\"isPartOf\":{\"@id\":\"https:\/\/slidesites.com.br\/#website\"},\"primaryImageOfPage\":{\"@id\":\"https:\/\/slidesites.com.br\/index.php\/contato\/#primaryimage\"},\"image\":{\"@id\":\"https:\/\/slidesites.com.br\/index.php\/contato\/#primaryimage\"},\"thumbnailUrl\":\"https:\/\/slidesites.com.br\/wp-content\/uploads\/elementor\/thumbs\/mega_2-pcao78ccz6395k2hlp2ldvfc8v4ma662igh1smt2vk.png\",\"datePublished\":\"2021-07-14T17:04:05+00:00\",\"dateModified\":\"2021-09-05T22:47:52+00:00\",\"breadcrumb\":{\"@id\":\"https:\/\/slidesites.com.br\/index.php\/contato\/#breadcrumb\"},\"inLanguage\":\"pt-BR\",\"potentialAction\":[{\"@type\":\"ReadAction\",\"target\":[\"https:\/\/slidesites.com.br\/index.php\/contato\/\"]}]},{\"@type\":\"ImageObject\",\"inLanguage\":\"pt-BR\",\"@id\":\"https:\/\/slidesites.com.br\/index.php\/contato\/#primaryimage\",\"url\":\"https:\/\/slidesites.com.br\/wp-content\/uploads\/elementor\/thumbs\/mega_2-pcao78ccz6395k2hlp2ldvfc8v4ma662igh1smt2vk.png\",\"contentUrl\":\"https:\/\/slidesites.com.br\/wp-content\/uploads\/elementor\/thumbs\/mega_2-pcao78ccz6395k2hlp2ldvfc8v4ma662igh1smt2vk.png\"},{\"@type\":\"BreadcrumbList\",\"@id\":\"https:\/\/slidesites.com.br\/index.php\/contato\/#breadcrumb\",\"itemListElement\":[{\"@type\":\"ListItem\",\"position\":1,\"name\":\"In\u00edcio\",\"item\":\"https:\/\/slidesites.com.br\/\"},{\"@type\":\"ListItem\",\"position\":2,\"name\":\"contato\"}]},{\"@type\":\"WebSite\",\"@id\":\"https:\/\/slidesites.com.br\/#website\",\"url\":\"https:\/\/slidesites.com.br\/\",\"name\":\"SlideSites\",\"description\":\"\",\"potentialAction\":[{\"@type\":\"SearchAction\",\"target\":{\"@type\":\"EntryPoint\",\"urlTemplate\":\"https:\/\/slidesites.com.br\/?s={search_term_string}\"},\"query-input\":{\"@type\":\"PropertyValueSpecification\",\"valueRequired\":true,\"valueName\":\"search_term_string\"}}],\"inLanguage\":\"pt-BR\"}]}<\/script>\n<!-- \/ Yoast SEO plugin. -->","yoast_head_json":{"title":"contato - SlideSites","robots":{"index":"index","follow":"follow","max-snippet":"max-snippet:-1","max-image-preview":"max-image-preview:large","max-video-preview":"max-video-preview:-1"},"canonical":"https:\/\/slidesites.com.br\/index.php\/contato\/","og_locale":"pt_BR","og_type":"article","og_title":"contato - SlideSites","og_description":"CONTATO Vamos conversar sobre seu novo site ? Nome: E-mail: Celular: Empresa: Voc\u00ea est\u00e1 neste momento: Abrindo minha empresaEm expans\u00e3oJ\u00e1 possuo meu neg\u00f3cioQuero um novo site Conte pra gente o que voc\u00ea procura:","og_url":"https:\/\/slidesites.com.br\/index.php\/contato\/","og_site_name":"SlideSites","article_modified_time":"2021-09-05T22:47:52+00:00","og_image":[{"url":"https:\/\/slidesites.com.br\/wp-content\/uploads\/elementor\/thumbs\/mega_2-pcao78ccz6395k2hlp2ldvfc8v4ma662igh1smt2vk.png","type":"","width":"","height":""}],"twitter_card":"summary_large_image","twitter_misc":{"Est. tempo de leitura":"1 minuto"},"schema":{"@context":"https:\/\/schema.org","@graph":[{"@type":"WebPage","@id":"https:\/\/slidesites.com.br\/index.php\/contato\/","url":"https:\/\/slidesites.com.br\/index.php\/contato\/","name":"contato - SlideSites","isPartOf":{"@id":"https:\/\/slidesites.com.br\/#website"},"primaryImageOfPage":{"@id":"https:\/\/slidesites.com.br\/index.php\/contato\/#primaryimage"},"image":{"@id":"https:\/\/slidesites.com.br\/index.php\/contato\/#primaryimage"},"thumbnailUrl":"https:\/\/slidesites.com.br\/wp-content\/uploads\/elementor\/thumbs\/mega_2-pcao78ccz6395k2hlp2ldvfc8v4ma662igh1smt2vk.png","datePublished":"2021-07-14T17:04:05+00:00","dateModified":"2021-09-05T22:47:52+00:00","breadcrumb":{"@id":"https:\/\/slidesites.com.br\/index.php\/contato\/#breadcrumb"},"inLanguage":"pt-BR","potentialAction":[{"@type":"ReadAction","target":["https:\/\/slidesites.com.br\/index.php\/contato\/"]}]},{"@type":"ImageObject","inLanguage":"pt-BR","@id":"https:\/\/slidesites.com.br\/index.php\/contato\/#primaryimage","url":"https:\/\/slidesites.com.br\/wp-content\/uploads\/elementor\/thumbs\/mega_2-pcao78ccz6395k2hlp2ldvfc8v4ma662igh1smt2vk.png","contentUrl":"https:\/\/slidesites.com.br\/wp-content\/uploads\/elementor\/thumbs\/mega_2-pcao78ccz6395k2hlp2ldvfc8v4ma662igh1smt2vk.png"},{"@type":"BreadcrumbList","@id":"https:\/\/slidesites.com.br\/index.php\/contato\/#breadcrumb","itemListElement":[{"@type":"ListItem","position":1,"name":"In\u00edcio","item":"https:\/\/slidesites.com.br\/"},{"@type":"ListItem","position":2,"name":"contato"}]},{"@type":"WebSite","@id":"https:\/\/slidesites.com.br\/#website","url":"https:\/\/slidesites.com.br\/","name":"SlideSites","description":"","potentialAction":[{"@type":"SearchAction","target":{"@type":"EntryPoint","urlTemplate":"https:\/\/slidesites.com.br\/?s={search_term_string}"},"query-input":{"@type":"PropertyValueSpecification","valueRequired":true,"valueName":"search_term_string"}}],"inLanguage":"pt-BR"}]}},"_links":{"self":[{"href":"https:\/\/slidesites.com.br\/index.php\/wp-json\/wp\/v2\/pages\/95","targetHints":{"allow":["GET"]}}],"collection":[{"href":"https:\/\/slidesites.com.br\/index.php\/wp-json\/wp\/v2\/pages"}],"about":[{"href":"https:\/\/slidesites.com.br\/index.php\/wp-json\/wp\/v2\/types\/page"}],"author":[{"embeddable":true,"href":"https:\/\/slidesites.com.br\/index.php\/wp-json\/wp\/v2\/users\/1"}],"replies":[{"embeddable":true,"href":"https:\/\/slidesites.com.br\/index.php\/wp-json\/wp\/v2\/comments?post=95"}],"version-history":[{"count":22,"href":"https:\/\/slidesites.com.br\/index.php\/wp-json\/wp\/v2\/pages\/95\/revisions"}],"predecessor-version":[{"id":1042,"href":"https:\/\/slidesites.com.br\/index.php\/wp-json\/wp\/v2\/pages\/95\/revisions\/1042"}],"wp:attachment":[{"href":"https:\/\/slidesites.com.br\/index.php\/wp-json\/wp\/v2\/media?parent=95"}],"curies":[{"name":"wp","href":"https:\/\/api.w.org\/{rel}","templated":true}]}}